{"id":6800,"date":"2026-03-26T07:41:17","date_gmt":"2026-03-26T07:41:17","guid":{"rendered":"https:\/\/tamishop.pe\/?product=maletin-targus-roller-metro-15-6-black-pn-tbr003us"},"modified":"2026-03-26T07:41:17","modified_gmt":"2026-03-26T07:41:17","slug":"maletin-targus-roller-metro-15-6-black-pn-tbr003us","status":"publish","type":"product","link":"https:\/\/tamishop.pe\/?product=maletin-targus-roller-metro-15-6-black-pn-tbr003us","title":{"rendered":"MALETIN TARGUS ROLLER METRO 15.6&#8243; BLACK (PN TBR003US)"},"content":{"rendered":"<p>La oficina m\u00f3vil definitiva. Este malet\u00edn con ruedas (Roller) para laptops de hasta 15.6&#8243; es perfecto para viajes de negocios. Cuenta con un asa telesc\u00f3pica, ruedas de deslizamiento suave y un compartimento acolchado.<\/p>\n","protected":false},"excerpt":{"rendered":"<p>Malet\u00edn con ruedas (Roller) para laptops de 15.6&#8243;. Ideal para viajes de negocios.<\/p>\n","protected":false},"featured_media":6449,"comment_status":"open","ping_status":"closed","template":"","meta":[],"product_brand":[],"product_cat":[159],"product_tag":[],"class_list":{"0":"post-6800","1":"product","2":"type-product","3":"status-publish","4":"has-post-thumbnail","6":"product_cat-mochila","8":"first","9":"instock","10":"taxable","11":"shipping-taxable","12":"purchasable","13":"product-type-simple"},"_links":{"self":[{"href":"https:\/\/tamishop.pe\/index.php?rest_route=\/wp\/v2\/product\/6800","targetHints":{"allow":["GET"]}}],"collection":[{"href":"https:\/\/tamishop.pe\/index.php?rest_route=\/wp\/v2\/product"}],"about":[{"href":"https:\/\/tamishop.pe\/index.php?rest_route=\/wp\/v2\/types\/product"}],"replies":[{"embeddable":true,"href":"https:\/\/tamishop.pe\/index.php?rest_route=%2Fwp%2Fv2%2Fcomments&post=6800"}],"wp:featuredmedia":[{"embeddable":true,"href":"https:\/\/tamishop.pe\/index.php?rest_route=\/wp\/v2\/media\/6449"}],"wp:attachment":[{"href":"https:\/\/tamishop.pe\/index.php?rest_route=%2Fwp%2Fv2%2Fmedia&parent=6800"}],"wp:term":[{"taxonomy":"product_brand","embeddable":true,"href":"https:\/\/tamishop.pe\/index.php?rest_route=%2Fwp%2Fv2%2Fproduct_brand&post=6800"},{"taxonomy":"product_cat","embeddable":true,"href":"https:\/\/tamishop.pe\/index.php?rest_route=%2Fwp%2Fv2%2Fproduct_cat&post=6800"},{"taxonomy":"product_tag","embeddable":true,"href":"https:\/\/tamishop.pe\/index.php?rest_route=%2Fwp%2Fv2%2Fproduct_tag&post=6800"}],"curies":[{"name":"wp","href":"https:\/\/api.w.org\/{rel}","templated":true}]}}