{"id":6782,"date":"2026-03-26T07:41:11","date_gmt":"2026-03-26T07:41:11","guid":{"rendered":"https:\/\/tamishop.pe\/?product=controlador-lenovo-thinksmart-one-12bs0002ls"},"modified":"2026-03-26T07:41:11","modified_gmt":"2026-03-26T07:41:11","slug":"controlador-lenovo-thinksmart-one-12bs0002ls","status":"publish","type":"product","link":"https:\/\/tamishop.pe\/?product=controlador-lenovo-thinksmart-one-12bs0002ls","title":{"rendered":"CONTROLADOR LENOVO THINKSMART ONE 12BS0002LS*"},"content":{"rendered":"<p>La soluci\u00f3n de colaboraci\u00f3n definitiva para salas de reuniones. Es un sistema de videoconferencia todo-en-uno, dise\u00f1ado y certificado para Microsoft Teams Rooms. Integra una c\u00e1mara de alta definici\u00f3n, altavoces, micr\u00f3fonos y un potente procesador en una sola barra.<\/p>\n","protected":false},"excerpt":{"rendered":"<p>Soluci\u00f3n de videoconferencia todo-en-uno (barra + controlador) certificada para Microsoft Teams Rooms.<\/p>\n","protected":false},"featured_media":6664,"comment_status":"open","ping_status":"closed","template":"","meta":[],"product_brand":[],"product_cat":[728],"product_tag":[],"class_list":{"0":"post-6782","1":"product","2":"type-product","3":"status-publish","4":"has-post-thumbnail","6":"product_cat-accesorios-2","8":"first","9":"instock","10":"taxable","11":"shipping-taxable","12":"purchasable","13":"product-type-simple"},"_links":{"self":[{"href":"https:\/\/tamishop.pe\/index.php?rest_route=\/wp\/v2\/product\/6782","targetHints":{"allow":["GET"]}}],"collection":[{"href":"https:\/\/tamishop.pe\/index.php?rest_route=\/wp\/v2\/product"}],"about":[{"href":"https:\/\/tamishop.pe\/index.php?rest_route=\/wp\/v2\/types\/product"}],"replies":[{"embeddable":true,"href":"https:\/\/tamishop.pe\/index.php?rest_route=%2Fwp%2Fv2%2Fcomments&post=6782"}],"wp:featuredmedia":[{"embeddable":true,"href":"https:\/\/tamishop.pe\/index.php?rest_route=\/wp\/v2\/media\/6664"}],"wp:attachment":[{"href":"https:\/\/tamishop.pe\/index.php?rest_route=%2Fwp%2Fv2%2Fmedia&parent=6782"}],"wp:term":[{"taxonomy":"product_brand","embeddable":true,"href":"https:\/\/tamishop.pe\/index.php?rest_route=%2Fwp%2Fv2%2Fproduct_brand&post=6782"},{"taxonomy":"product_cat","embeddable":true,"href":"https:\/\/tamishop.pe\/index.php?rest_route=%2Fwp%2Fv2%2Fproduct_cat&post=6782"},{"taxonomy":"product_tag","embeddable":true,"href":"https:\/\/tamishop.pe\/index.php?rest_route=%2Fwp%2Fv2%2Fproduct_tag&post=6782"}],"curies":[{"name":"wp","href":"https:\/\/api.w.org\/{rel}","templated":true}]}}