{"id":6778,"date":"2026-03-26T07:41:09","date_gmt":"2026-03-26T07:41:09","guid":{"rendered":"https:\/\/tamishop.pe\/?product=camara-logitech-c922-pro-stream-fhd-1080p-black-960-001087"},"modified":"2026-03-26T07:41:10","modified_gmt":"2026-03-26T07:41:10","slug":"camara-logitech-c922-pro-stream-fhd-1080p-black-960-001087","status":"publish","type":"product","link":"https:\/\/tamishop.pe\/?product=camara-logitech-c922-pro-stream-fhd-1080p-black-960-001087","title":{"rendered":"CAMARA LOGITECH C922 PRO STREAM FHD 1080P BLACK (960-001087)"},"content":{"rendered":"<p>Dise\u00f1ada para streamers. Graba en Full HD 1080p (30fps) o 720p (60fps) para un movimiento fluido. Cuenta con correcci\u00f3n de luz avanzada, micr\u00f3fonos est\u00e9reo y es compatible con la eliminaci\u00f3n de fondo (ChromaCam). Incluye tr\u00edpode.<\/p>\n","protected":false},"excerpt":{"rendered":"<p>Webcam Full HD 1080p (60fps en 720p) para streamers. Con correcci\u00f3n de luz y tr\u00edpode incluido.<\/p>\n","protected":false},"featured_media":6629,"comment_status":"open","ping_status":"closed","template":"","meta":[],"product_brand":[],"product_cat":[734],"product_tag":[],"class_list":{"0":"post-6778","1":"product","2":"type-product","3":"status-publish","4":"has-post-thumbnail","6":"product_cat-camara","8":"first","9":"instock","10":"taxable","11":"shipping-taxable","12":"purchasable","13":"product-type-simple"},"_links":{"self":[{"href":"https:\/\/tamishop.pe\/index.php?rest_route=\/wp\/v2\/product\/6778","targetHints":{"allow":["GET"]}}],"collection":[{"href":"https:\/\/tamishop.pe\/index.php?rest_route=\/wp\/v2\/product"}],"about":[{"href":"https:\/\/tamishop.pe\/index.php?rest_route=\/wp\/v2\/types\/product"}],"replies":[{"embeddable":true,"href":"https:\/\/tamishop.pe\/index.php?rest_route=%2Fwp%2Fv2%2Fcomments&post=6778"}],"wp:featuredmedia":[{"embeddable":true,"href":"https:\/\/tamishop.pe\/index.php?rest_route=\/wp\/v2\/media\/6629"}],"wp:attachment":[{"href":"https:\/\/tamishop.pe\/index.php?rest_route=%2Fwp%2Fv2%2Fmedia&parent=6778"}],"wp:term":[{"taxonomy":"product_brand","embeddable":true,"href":"https:\/\/tamishop.pe\/index.php?rest_route=%2Fwp%2Fv2%2Fproduct_brand&post=6778"},{"taxonomy":"product_cat","embeddable":true,"href":"https:\/\/tamishop.pe\/index.php?rest_route=%2Fwp%2Fv2%2Fproduct_cat&post=6778"},{"taxonomy":"product_tag","embeddable":true,"href":"https:\/\/tamishop.pe\/index.php?rest_route=%2Fwp%2Fv2%2Fproduct_tag&post=6778"}],"curies":[{"name":"wp","href":"https:\/\/api.w.org\/{rel}","templated":true}]}}