{"id":6770,"date":"2026-03-26T07:41:07","date_gmt":"2026-03-26T07:41:07","guid":{"rendered":"https:\/\/tamishop.pe\/?product=camara-logitech-b2b-rally-ptz-uhd-4k-black-960-001226"},"modified":"2026-03-26T07:41:07","modified_gmt":"2026-03-26T07:41:07","slug":"camara-logitech-b2b-rally-ptz-uhd-4k-black-960-001226","status":"publish","type":"product","link":"https:\/\/tamishop.pe\/?product=camara-logitech-b2b-rally-ptz-uhd-4k-black-960-001226","title":{"rendered":"CAMARA LOGITECH B2B RALLY PTZ UHD 4K BLACK (960-001226)"},"content":{"rendered":"<p>La c\u00e1mara PTZ 4K (B2B) independiente del sistema Rally. Ofrece una calidad de imagen Ultra HD, zoom 15x HD (\u00f3ptico+digital), movimiento motorizado ultrasilencioso (Paneo, Tilt) y tecnolog\u00eda RightLight para optimizar la imagen.<\/p>\n","protected":false},"excerpt":{"rendered":"<p>C\u00e1mara PTZ 4K (B2B) independiente. Zoom 15x HD, control motorizado silencioso y calidad de imagen premium.<\/p>\n","protected":false},"featured_media":6607,"comment_status":"open","ping_status":"closed","template":"","meta":[],"product_brand":[],"product_cat":[734],"product_tag":[],"class_list":{"0":"post-6770","1":"product","2":"type-product","3":"status-publish","4":"has-post-thumbnail","6":"product_cat-camara","8":"first","9":"instock","10":"taxable","11":"shipping-taxable","12":"purchasable","13":"product-type-simple"},"_links":{"self":[{"href":"https:\/\/tamishop.pe\/index.php?rest_route=\/wp\/v2\/product\/6770","targetHints":{"allow":["GET"]}}],"collection":[{"href":"https:\/\/tamishop.pe\/index.php?rest_route=\/wp\/v2\/product"}],"about":[{"href":"https:\/\/tamishop.pe\/index.php?rest_route=\/wp\/v2\/types\/product"}],"replies":[{"embeddable":true,"href":"https:\/\/tamishop.pe\/index.php?rest_route=%2Fwp%2Fv2%2Fcomments&post=6770"}],"wp:featuredmedia":[{"embeddable":true,"href":"https:\/\/tamishop.pe\/index.php?rest_route=\/wp\/v2\/media\/6607"}],"wp:attachment":[{"href":"https:\/\/tamishop.pe\/index.php?rest_route=%2Fwp%2Fv2%2Fmedia&parent=6770"}],"wp:term":[{"taxonomy":"product_brand","embeddable":true,"href":"https:\/\/tamishop.pe\/index.php?rest_route=%2Fwp%2Fv2%2Fproduct_brand&post=6770"},{"taxonomy":"product_cat","embeddable":true,"href":"https:\/\/tamishop.pe\/index.php?rest_route=%2Fwp%2Fv2%2Fproduct_cat&post=6770"},{"taxonomy":"product_tag","embeddable":true,"href":"https:\/\/tamishop.pe\/index.php?rest_route=%2Fwp%2Fv2%2Fproduct_tag&post=6770"}],"curies":[{"name":"wp","href":"https:\/\/api.w.org\/{rel}","templated":true}]}}