{"id":6762,"date":"2026-03-26T07:41:05","date_gmt":"2026-03-26T07:41:05","guid":{"rendered":"https:\/\/tamishop.pe\/?product=camara-logitech-b2b-meetup-2-usb-c-black-960-001690"},"modified":"2026-03-26T07:41:05","modified_gmt":"2026-03-26T07:41:05","slug":"camara-logitech-b2b-meetup-2-usb-c-black-960-001690","status":"publish","type":"product","link":"https:\/\/tamishop.pe\/?product=camara-logitech-b2b-meetup-2-usb-c-black-960-001690","title":{"rendered":"CAMARA LOGITECH B2B MEETUP 2 USB-C BLACK (960-001690)"},"content":{"rendered":"<p>La evoluci\u00f3n de la barra para \u00abhuddle rooms\u00bb (B2B). Mantiene el formato todo-en-uno pero actualiza la conexi\u00f3n a USB-C, mejora la captura de audio y a\u00f1ade funciones de IA para encuadre y optimizaci\u00f3n de imagen.<\/p>\n","protected":false},"excerpt":{"rendered":"<p>La nueva generaci\u00f3n de barra de video (B2B) para salas peque\u00f1as. Conexi\u00f3n USB-C, audio e imagen mejorados por IA.<\/p>\n","protected":false},"featured_media":6597,"comment_status":"open","ping_status":"closed","template":"","meta":[],"product_brand":[],"product_cat":[734],"product_tag":[],"class_list":{"0":"post-6762","1":"product","2":"type-product","3":"status-publish","4":"has-post-thumbnail","6":"product_cat-camara","8":"first","9":"instock","10":"taxable","11":"shipping-taxable","12":"purchasable","13":"product-type-simple"},"_links":{"self":[{"href":"https:\/\/tamishop.pe\/index.php?rest_route=\/wp\/v2\/product\/6762","targetHints":{"allow":["GET"]}}],"collection":[{"href":"https:\/\/tamishop.pe\/index.php?rest_route=\/wp\/v2\/product"}],"about":[{"href":"https:\/\/tamishop.pe\/index.php?rest_route=\/wp\/v2\/types\/product"}],"replies":[{"embeddable":true,"href":"https:\/\/tamishop.pe\/index.php?rest_route=%2Fwp%2Fv2%2Fcomments&post=6762"}],"wp:featuredmedia":[{"embeddable":true,"href":"https:\/\/tamishop.pe\/index.php?rest_route=\/wp\/v2\/media\/6597"}],"wp:attachment":[{"href":"https:\/\/tamishop.pe\/index.php?rest_route=%2Fwp%2Fv2%2Fmedia&parent=6762"}],"wp:term":[{"taxonomy":"product_brand","embeddable":true,"href":"https:\/\/tamishop.pe\/index.php?rest_route=%2Fwp%2Fv2%2Fproduct_brand&post=6762"},{"taxonomy":"product_cat","embeddable":true,"href":"https:\/\/tamishop.pe\/index.php?rest_route=%2Fwp%2Fv2%2Fproduct_cat&post=6762"},{"taxonomy":"product_tag","embeddable":true,"href":"https:\/\/tamishop.pe\/index.php?rest_route=%2Fwp%2Fv2%2Fproduct_tag&post=6762"}],"curies":[{"name":"wp","href":"https:\/\/api.w.org\/{rel}","templated":true}]}}