{"id":6761,"date":"2026-03-26T07:41:04","date_gmt":"2026-03-26T07:41:04","guid":{"rendered":"https:\/\/tamishop.pe\/?product=camara-logitech-b2b-meetup-expansion-mic-black-960-001201"},"modified":"2026-03-26T07:41:05","modified_gmt":"2026-03-26T07:41:05","slug":"camara-logitech-b2b-meetup-expansion-mic-black-960-001201","status":"publish","type":"product","link":"https:\/\/tamishop.pe\/?product=camara-logitech-b2b-meetup-expansion-mic-black-960-001201","title":{"rendered":"CAMARA LOGITECH B2B MEETUP + EXPANSION MIC BLACK (960-001201)"},"content":{"rendered":"<p>La soluci\u00f3n premium (B2B) para \u00abhuddle rooms\u00bb o salas peque\u00f1as. Esta barra todo-en-uno ofrece video 4K, un campo de visi\u00f3n s\u00faper amplio de 120\u00b0 y audio optimizado. Este bundle incluye un micr\u00f3fono de expansi\u00f3n para ampliar el alcance de la voz.<\/p>\n","protected":false},"excerpt":{"rendered":"<p>Barra de videoconferencia 4K (B2B) para salas peque\u00f1as, con campo de visi\u00f3n de 120\u00b0 + Micr\u00f3fono de Expansi\u00f3n.<\/p>\n","protected":false},"featured_media":6633,"comment_status":"open","ping_status":"closed","template":"","meta":[],"product_brand":[],"product_cat":[734],"product_tag":[],"class_list":{"0":"post-6761","1":"product","2":"type-product","3":"status-publish","4":"has-post-thumbnail","6":"product_cat-camara","8":"first","9":"instock","10":"taxable","11":"shipping-taxable","12":"purchasable","13":"product-type-simple"},"_links":{"self":[{"href":"https:\/\/tamishop.pe\/index.php?rest_route=\/wp\/v2\/product\/6761","targetHints":{"allow":["GET"]}}],"collection":[{"href":"https:\/\/tamishop.pe\/index.php?rest_route=\/wp\/v2\/product"}],"about":[{"href":"https:\/\/tamishop.pe\/index.php?rest_route=\/wp\/v2\/types\/product"}],"replies":[{"embeddable":true,"href":"https:\/\/tamishop.pe\/index.php?rest_route=%2Fwp%2Fv2%2Fcomments&post=6761"}],"wp:featuredmedia":[{"embeddable":true,"href":"https:\/\/tamishop.pe\/index.php?rest_route=\/wp\/v2\/media\/6633"}],"wp:attachment":[{"href":"https:\/\/tamishop.pe\/index.php?rest_route=%2Fwp%2Fv2%2Fmedia&parent=6761"}],"wp:term":[{"taxonomy":"product_brand","embeddable":true,"href":"https:\/\/tamishop.pe\/index.php?rest_route=%2Fwp%2Fv2%2Fproduct_brand&post=6761"},{"taxonomy":"product_cat","embeddable":true,"href":"https:\/\/tamishop.pe\/index.php?rest_route=%2Fwp%2Fv2%2Fproduct_cat&post=6761"},{"taxonomy":"product_tag","embeddable":true,"href":"https:\/\/tamishop.pe\/index.php?rest_route=%2Fwp%2Fv2%2Fproduct_tag&post=6761"}],"curies":[{"name":"wp","href":"https:\/\/api.w.org\/{rel}","templated":true}]}}