{"id":6758,"date":"2026-03-26T07:41:02","date_gmt":"2026-03-26T07:41:02","guid":{"rendered":"https:\/\/tamishop.pe\/?product=camara-logitech-b2b-connect-conferencecam-black-silver-960-001038"},"modified":"2026-03-26T07:41:02","modified_gmt":"2026-03-26T07:41:02","slug":"camara-logitech-b2b-connect-conferencecam-black-silver-960-001038","status":"publish","type":"product","link":"https:\/\/tamishop.pe\/?product=camara-logitech-b2b-connect-conferencecam-black-silver-960-001038","title":{"rendered":"CAMARA LOGITECH B2B CONNECT CONFERENCECAM BLACK\/SILVER (960-001038)"},"content":{"rendered":"<p>La soluci\u00f3n de videoconferencia port\u00e1til todo en uno. Dise\u00f1ada para \u00abhuddle rooms\u00bb y oficinas en casa (B2B). Ofrece video Full HD 1080p (zoom digital), audio de 360 grados y funciona como altavoz (Bluetooth\/USB).<\/p>\n","protected":false},"excerpt":{"rendered":"<p>C\u00e1mara de videoconferencia (B2B) port\u00e1til, todo-en-uno (1080p, audio 360\u00b0, Bluetooth) para grupos peque\u00f1os.<\/p>\n","protected":false},"featured_media":6624,"comment_status":"open","ping_status":"closed","template":"","meta":[],"product_brand":[],"product_cat":[734],"product_tag":[],"class_list":{"0":"post-6758","1":"product","2":"type-product","3":"status-publish","4":"has-post-thumbnail","6":"product_cat-camara","8":"first","9":"instock","10":"taxable","11":"shipping-taxable","12":"purchasable","13":"product-type-simple"},"_links":{"self":[{"href":"https:\/\/tamishop.pe\/index.php?rest_route=\/wp\/v2\/product\/6758","targetHints":{"allow":["GET"]}}],"collection":[{"href":"https:\/\/tamishop.pe\/index.php?rest_route=\/wp\/v2\/product"}],"about":[{"href":"https:\/\/tamishop.pe\/index.php?rest_route=\/wp\/v2\/types\/product"}],"replies":[{"embeddable":true,"href":"https:\/\/tamishop.pe\/index.php?rest_route=%2Fwp%2Fv2%2Fcomments&post=6758"}],"wp:featuredmedia":[{"embeddable":true,"href":"https:\/\/tamishop.pe\/index.php?rest_route=\/wp\/v2\/media\/6624"}],"wp:attachment":[{"href":"https:\/\/tamishop.pe\/index.php?rest_route=%2Fwp%2Fv2%2Fmedia&parent=6758"}],"wp:term":[{"taxonomy":"product_brand","embeddable":true,"href":"https:\/\/tamishop.pe\/index.php?rest_route=%2Fwp%2Fv2%2Fproduct_brand&post=6758"},{"taxonomy":"product_cat","embeddable":true,"href":"https:\/\/tamishop.pe\/index.php?rest_route=%2Fwp%2Fv2%2Fproduct_cat&post=6758"},{"taxonomy":"product_tag","embeddable":true,"href":"https:\/\/tamishop.pe\/index.php?rest_route=%2Fwp%2Fv2%2Fproduct_tag&post=6758"}],"curies":[{"name":"wp","href":"https:\/\/api.w.org\/{rel}","templated":true}]}}