{"id":6735,"date":"2026-03-26T07:40:55","date_gmt":"2026-03-26T07:40:55","guid":{"rendered":"https:\/\/tamishop.pe\/?product=cable-de-seguridad-targus-asp96rglx-ranura-universal-tecnologia-defcon-asp96rglx"},"modified":"2026-03-26T07:40:56","modified_gmt":"2026-03-26T07:40:56","slug":"cable-de-seguridad-targus-asp96rglx-ranura-universal-tecnologia-defcon-asp96rglx","status":"publish","type":"product","link":"https:\/\/tamishop.pe\/?product=cable-de-seguridad-targus-asp96rglx-ranura-universal-tecnologia-defcon-asp96rglx","title":{"rendered":"CABLE DE SEGURIDAD TARGUS ASP96RGLX RANURA UNIVERSAL TECNOLOGIA DEFCON (ASP96RGLX)"},"content":{"rendered":"<p>Protege tu laptop en cualquier lugar. Este cable de seguridad utiliza la tecnolog\u00eda de ranura universal (Universal 3-in-1 fit), haci\u00e9ndolo compatible con la mayor\u00eda de las ranuras (T-Bar, Nano, Wedge). El cabezal giratorio de 360\u00b0 facilita su instalaci\u00f3n.<\/p>\n","protected":false},"excerpt":{"rendered":"<p>Cable de seguridad universal (3-en-1) compatible con ranuras T-Bar, Nano y Wedge.<\/p>\n","protected":false},"featured_media":6466,"comment_status":"open","ping_status":"closed","template":"","meta":[],"product_brand":[],"product_cat":[728],"product_tag":[],"class_list":{"0":"post-6735","1":"product","2":"type-product","3":"status-publish","4":"has-post-thumbnail","6":"product_cat-accesorios-2","8":"first","9":"instock","10":"taxable","11":"shipping-taxable","12":"purchasable","13":"product-type-simple"},"_links":{"self":[{"href":"https:\/\/tamishop.pe\/index.php?rest_route=\/wp\/v2\/product\/6735","targetHints":{"allow":["GET"]}}],"collection":[{"href":"https:\/\/tamishop.pe\/index.php?rest_route=\/wp\/v2\/product"}],"about":[{"href":"https:\/\/tamishop.pe\/index.php?rest_route=\/wp\/v2\/types\/product"}],"replies":[{"embeddable":true,"href":"https:\/\/tamishop.pe\/index.php?rest_route=%2Fwp%2Fv2%2Fcomments&post=6735"}],"wp:featuredmedia":[{"embeddable":true,"href":"https:\/\/tamishop.pe\/index.php?rest_route=\/wp\/v2\/media\/6466"}],"wp:attachment":[{"href":"https:\/\/tamishop.pe\/index.php?rest_route=%2Fwp%2Fv2%2Fmedia&parent=6735"}],"wp:term":[{"taxonomy":"product_brand","embeddable":true,"href":"https:\/\/tamishop.pe\/index.php?rest_route=%2Fwp%2Fv2%2Fproduct_brand&post=6735"},{"taxonomy":"product_cat","embeddable":true,"href":"https:\/\/tamishop.pe\/index.php?rest_route=%2Fwp%2Fv2%2Fproduct_cat&post=6735"},{"taxonomy":"product_tag","embeddable":true,"href":"https:\/\/tamishop.pe\/index.php?rest_route=%2Fwp%2Fv2%2Fproduct_tag&post=6735"}],"curies":[{"name":"wp","href":"https:\/\/api.w.org\/{rel}","templated":true}]}}