{"id":6712,"date":"2026-03-26T07:40:46","date_gmt":"2026-03-26T07:40:46","guid":{"rendered":"https:\/\/tamishop.pe\/?product=audifono-c-microf-logitech-g733-lightspeed-white-981-000882"},"modified":"2026-03-26T07:40:46","modified_gmt":"2026-03-26T07:40:46","slug":"audifono-c-microf-logitech-g733-lightspeed-white-981-000882","status":"publish","type":"product","link":"https:\/\/tamishop.pe\/?product=audifono-c-microf-logitech-g733-lightspeed-white-981-000882","title":{"rendered":"AUDIFONO C\/MICROF. LOGITECH G733 LIGHTSPEED WHITE (981-000882)"},"content":{"rendered":"<p>Juega con tu propio estilo. Aud\u00edfonos inal\u00e1mbricos (LIGHTSPEED) con la exclusiva iluminaci\u00f3n RGB frontal (LIGHTSYNC). Ofrecen 29 horas de bater\u00eda, sonido envolvente y una c\u00f3moda banda de suspensi\u00f3n reversible. Color blanco.<\/p>\n","protected":false},"excerpt":{"rendered":"<p>Aud\u00edfonos inal\u00e1mbricos (LIGHTSPEED) con iluminaci\u00f3n RGB frontal, 29h de bater\u00eda y banda de suspensi\u00f3n. Color blanco.<\/p>\n","protected":false},"featured_media":6583,"comment_status":"open","ping_status":"closed","template":"","meta":[],"product_brand":[],"product_cat":[729],"product_tag":[],"class_list":{"0":"post-6712","1":"product","2":"type-product","3":"status-publish","4":"has-post-thumbnail","6":"product_cat-audifonos-3","8":"first","9":"instock","10":"taxable","11":"shipping-taxable","12":"purchasable","13":"product-type-simple"},"_links":{"self":[{"href":"https:\/\/tamishop.pe\/index.php?rest_route=\/wp\/v2\/product\/6712","targetHints":{"allow":["GET"]}}],"collection":[{"href":"https:\/\/tamishop.pe\/index.php?rest_route=\/wp\/v2\/product"}],"about":[{"href":"https:\/\/tamishop.pe\/index.php?rest_route=\/wp\/v2\/types\/product"}],"replies":[{"embeddable":true,"href":"https:\/\/tamishop.pe\/index.php?rest_route=%2Fwp%2Fv2%2Fcomments&post=6712"}],"wp:featuredmedia":[{"embeddable":true,"href":"https:\/\/tamishop.pe\/index.php?rest_route=\/wp\/v2\/media\/6583"}],"wp:attachment":[{"href":"https:\/\/tamishop.pe\/index.php?rest_route=%2Fwp%2Fv2%2Fmedia&parent=6712"}],"wp:term":[{"taxonomy":"product_brand","embeddable":true,"href":"https:\/\/tamishop.pe\/index.php?rest_route=%2Fwp%2Fv2%2Fproduct_brand&post=6712"},{"taxonomy":"product_cat","embeddable":true,"href":"https:\/\/tamishop.pe\/index.php?rest_route=%2Fwp%2Fv2%2Fproduct_cat&post=6712"},{"taxonomy":"product_tag","embeddable":true,"href":"https:\/\/tamishop.pe\/index.php?rest_route=%2Fwp%2Fv2%2Fproduct_tag&post=6712"}],"curies":[{"name":"wp","href":"https:\/\/api.w.org\/{rel}","templated":true}]}}