{"id":6710,"date":"2026-03-26T07:40:45","date_gmt":"2026-03-26T07:40:45","guid":{"rendered":"https:\/\/tamishop.pe\/?product=audifono-c-microf-logitech-g435-bt-lightspeed-white-981-001073"},"modified":"2026-03-26T07:40:45","modified_gmt":"2026-03-26T07:40:45","slug":"audifono-c-microf-logitech-g435-bt-lightspeed-white-981-001073","status":"publish","type":"product","link":"https:\/\/tamishop.pe\/?product=audifono-c-microf-logitech-g435-bt-lightspeed-white-981-001073","title":{"rendered":"AUDIFONO C\/MICROF. LOGITECH G435 BT \/ LIGHTSPEED WHITE (981-001073)"},"content":{"rendered":"<p>Estilo, sostenibilidad y rendimiento. Estos aud\u00edfonos ultraligeros (165g) en color blanco ofrecen conexi\u00f3n inal\u00e1mbrica LIGHTSPEED para gaming y Bluetooth para todo lo dem\u00e1s. Fabricados con pl\u00e1stico reciclado.<\/p>\n","protected":false},"excerpt":{"rendered":"<p>Aud\u00edfonos ultraligeros (165g) con conectividad dual (LIGHTSPEED + Bluetooth), sostenibles y vers\u00e1tiles. Color blanco.<\/p>\n","protected":false},"featured_media":6570,"comment_status":"open","ping_status":"closed","template":"","meta":[],"product_brand":[],"product_cat":[729],"product_tag":[],"class_list":{"0":"post-6710","1":"product","2":"type-product","3":"status-publish","4":"has-post-thumbnail","6":"product_cat-audifonos-3","8":"first","9":"instock","10":"taxable","11":"shipping-taxable","12":"purchasable","13":"product-type-simple"},"_links":{"self":[{"href":"https:\/\/tamishop.pe\/index.php?rest_route=\/wp\/v2\/product\/6710","targetHints":{"allow":["GET"]}}],"collection":[{"href":"https:\/\/tamishop.pe\/index.php?rest_route=\/wp\/v2\/product"}],"about":[{"href":"https:\/\/tamishop.pe\/index.php?rest_route=\/wp\/v2\/types\/product"}],"replies":[{"embeddable":true,"href":"https:\/\/tamishop.pe\/index.php?rest_route=%2Fwp%2Fv2%2Fcomments&post=6710"}],"wp:featuredmedia":[{"embeddable":true,"href":"https:\/\/tamishop.pe\/index.php?rest_route=\/wp\/v2\/media\/6570"}],"wp:attachment":[{"href":"https:\/\/tamishop.pe\/index.php?rest_route=%2Fwp%2Fv2%2Fmedia&parent=6710"}],"wp:term":[{"taxonomy":"product_brand","embeddable":true,"href":"https:\/\/tamishop.pe\/index.php?rest_route=%2Fwp%2Fv2%2Fproduct_brand&post=6710"},{"taxonomy":"product_cat","embeddable":true,"href":"https:\/\/tamishop.pe\/index.php?rest_route=%2Fwp%2Fv2%2Fproduct_cat&post=6710"},{"taxonomy":"product_tag","embeddable":true,"href":"https:\/\/tamishop.pe\/index.php?rest_route=%2Fwp%2Fv2%2Fproduct_tag&post=6710"}],"curies":[{"name":"wp","href":"https:\/\/api.w.org\/{rel}","templated":true}]}}