{"id":6707,"date":"2026-03-26T07:40:44","date_gmt":"2026-03-26T07:40:44","guid":{"rendered":"https:\/\/tamishop.pe\/?product=audifono-c-microf-logitech-g335-mint-981-001023-p"},"modified":"2026-03-26T07:40:44","modified_gmt":"2026-03-26T07:40:44","slug":"audifono-c-microf-logitech-g335-mint-981-001023-p","status":"publish","type":"product","link":"https:\/\/tamishop.pe\/?product=audifono-c-microf-logitech-g335-mint-981-001023-p","title":{"rendered":"AUDIFONO C\/MICROF. LOGITECH G335 MINT (981-001023)-P"},"content":{"rendered":"<p>El mismo dise\u00f1o ultraligero (240g) y c\u00f3modo, ahora en un vibrante color menta (Mint). La banda de suspensi\u00f3n se ajusta perfectamente y la conexi\u00f3n de 3.5mm asegura compatibilidad total con todas tus plataformas de juego.<\/p>\n","protected":false},"excerpt":{"rendered":"<p>Aud\u00edfonos gamer ultraligeros (240g) con banda de suspensi\u00f3n, conexi\u00f3n 3.5mm y compatibles con PC\/Consolas. Color menta.<\/p>\n","protected":false},"featured_media":6589,"comment_status":"open","ping_status":"closed","template":"","meta":[],"product_brand":[],"product_cat":[729],"product_tag":[],"class_list":{"0":"post-6707","1":"product","2":"type-product","3":"status-publish","4":"has-post-thumbnail","6":"product_cat-audifonos-3","8":"first","9":"instock","10":"taxable","11":"shipping-taxable","12":"purchasable","13":"product-type-simple"},"_links":{"self":[{"href":"https:\/\/tamishop.pe\/index.php?rest_route=\/wp\/v2\/product\/6707","targetHints":{"allow":["GET"]}}],"collection":[{"href":"https:\/\/tamishop.pe\/index.php?rest_route=\/wp\/v2\/product"}],"about":[{"href":"https:\/\/tamishop.pe\/index.php?rest_route=\/wp\/v2\/types\/product"}],"replies":[{"embeddable":true,"href":"https:\/\/tamishop.pe\/index.php?rest_route=%2Fwp%2Fv2%2Fcomments&post=6707"}],"wp:featuredmedia":[{"embeddable":true,"href":"https:\/\/tamishop.pe\/index.php?rest_route=\/wp\/v2\/media\/6589"}],"wp:attachment":[{"href":"https:\/\/tamishop.pe\/index.php?rest_route=%2Fwp%2Fv2%2Fmedia&parent=6707"}],"wp:term":[{"taxonomy":"product_brand","embeddable":true,"href":"https:\/\/tamishop.pe\/index.php?rest_route=%2Fwp%2Fv2%2Fproduct_brand&post=6707"},{"taxonomy":"product_cat","embeddable":true,"href":"https:\/\/tamishop.pe\/index.php?rest_route=%2Fwp%2Fv2%2Fproduct_cat&post=6707"},{"taxonomy":"product_tag","embeddable":true,"href":"https:\/\/tamishop.pe\/index.php?rest_route=%2Fwp%2Fv2%2Fproduct_tag&post=6707"}],"curies":[{"name":"wp","href":"https:\/\/api.w.org\/{rel}","templated":true}]}}