{"id":6706,"date":"2026-03-26T07:40:44","date_gmt":"2026-03-26T07:40:44","guid":{"rendered":"https:\/\/tamishop.pe\/?product=audifono-c-microf-logitech-g335-black-981-000977-p"},"modified":"2026-03-26T07:40:44","modified_gmt":"2026-03-26T07:40:44","slug":"audifono-c-microf-logitech-g335-black-981-000977-p","status":"publish","type":"product","link":"https:\/\/tamishop.pe\/?product=audifono-c-microf-logitech-g335-black-981-000977-p","title":{"rendered":"AUDIFONO C\/MICROF. LOGITECH G335 BLACK (981-000977)-P"},"content":{"rendered":"<p>Ligeros y con estilo. Con solo 240 gramos, estos aud\u00edfonos son incre\u00edblemente c\u00f3modos gracias a su dise\u00f1o de banda de suspensi\u00f3n. Se conectan v\u00eda jack de 3.5mm, haci\u00e9ndolos compatibles con PC, consolas y dispositivos m\u00f3viles. Color negro.<\/p>\n","protected":false},"excerpt":{"rendered":"<p>Aud\u00edfonos gamer ultraligeros (240g) con banda de suspensi\u00f3n, conexi\u00f3n 3.5mm y compatibles con PC\/Consolas. Color negro.<\/p>\n","protected":false},"featured_media":6587,"comment_status":"open","ping_status":"closed","template":"","meta":[],"product_brand":[],"product_cat":[729],"product_tag":[],"class_list":{"0":"post-6706","1":"product","2":"type-product","3":"status-publish","4":"has-post-thumbnail","6":"product_cat-audifonos-3","8":"first","9":"instock","10":"taxable","11":"shipping-taxable","12":"purchasable","13":"product-type-simple"},"_links":{"self":[{"href":"https:\/\/tamishop.pe\/index.php?rest_route=\/wp\/v2\/product\/6706","targetHints":{"allow":["GET"]}}],"collection":[{"href":"https:\/\/tamishop.pe\/index.php?rest_route=\/wp\/v2\/product"}],"about":[{"href":"https:\/\/tamishop.pe\/index.php?rest_route=\/wp\/v2\/types\/product"}],"replies":[{"embeddable":true,"href":"https:\/\/tamishop.pe\/index.php?rest_route=%2Fwp%2Fv2%2Fcomments&post=6706"}],"wp:featuredmedia":[{"embeddable":true,"href":"https:\/\/tamishop.pe\/index.php?rest_route=\/wp\/v2\/media\/6587"}],"wp:attachment":[{"href":"https:\/\/tamishop.pe\/index.php?rest_route=%2Fwp%2Fv2%2Fmedia&parent=6706"}],"wp:term":[{"taxonomy":"product_brand","embeddable":true,"href":"https:\/\/tamishop.pe\/index.php?rest_route=%2Fwp%2Fv2%2Fproduct_brand&post=6706"},{"taxonomy":"product_cat","embeddable":true,"href":"https:\/\/tamishop.pe\/index.php?rest_route=%2Fwp%2Fv2%2Fproduct_cat&post=6706"},{"taxonomy":"product_tag","embeddable":true,"href":"https:\/\/tamishop.pe\/index.php?rest_route=%2Fwp%2Fv2%2Fproduct_tag&post=6706"}],"curies":[{"name":"wp","href":"https:\/\/api.w.org\/{rel}","templated":true}]}}