{"id":6704,"date":"2026-03-26T07:40:43","date_gmt":"2026-03-26T07:40:43","guid":{"rendered":"https:\/\/tamishop.pe\/?product=audifono-c-microf-logitech-g-pro-x-black-981-000817"},"modified":"2026-03-26T07:40:43","modified_gmt":"2026-03-26T07:40:43","slug":"audifono-c-microf-logitech-g-pro-x-black-981-000817","status":"publish","type":"product","link":"https:\/\/tamishop.pe\/?product=audifono-c-microf-logitech-g-pro-x-black-981-000817","title":{"rendered":"AUDIFONO C\/MICROF. LOGITECH G PRO X BLACK (981-000817)"},"content":{"rendered":"<p>El est\u00e1ndar de los esports. Aud\u00edfonos cableados (3.5mm) con drivers Pro-G de 50mm, tarjeta de sonido USB externa para procesamiento de audio y la revolucionaria tecnolog\u00eda de micr\u00f3fono BLUE VO!CE para claridad de voz de estudio.<\/p>\n","protected":false},"excerpt":{"rendered":"<p>Aud\u00edfonos Pro (cableados) con drivers de 50mm, tarjeta de sonido USB externa y tecnolog\u00eda de micr\u00f3fono BLUE VO!CE.<\/p>\n","protected":false},"featured_media":6602,"comment_status":"open","ping_status":"closed","template":"","meta":[],"product_brand":[],"product_cat":[729],"product_tag":[],"class_list":{"0":"post-6704","1":"product","2":"type-product","3":"status-publish","4":"has-post-thumbnail","6":"product_cat-audifonos-3","8":"first","9":"instock","10":"taxable","11":"shipping-taxable","12":"purchasable","13":"product-type-simple"},"_links":{"self":[{"href":"https:\/\/tamishop.pe\/index.php?rest_route=\/wp\/v2\/product\/6704","targetHints":{"allow":["GET"]}}],"collection":[{"href":"https:\/\/tamishop.pe\/index.php?rest_route=\/wp\/v2\/product"}],"about":[{"href":"https:\/\/tamishop.pe\/index.php?rest_route=\/wp\/v2\/types\/product"}],"replies":[{"embeddable":true,"href":"https:\/\/tamishop.pe\/index.php?rest_route=%2Fwp%2Fv2%2Fcomments&post=6704"}],"wp:featuredmedia":[{"embeddable":true,"href":"https:\/\/tamishop.pe\/index.php?rest_route=\/wp\/v2\/media\/6602"}],"wp:attachment":[{"href":"https:\/\/tamishop.pe\/index.php?rest_route=%2Fwp%2Fv2%2Fmedia&parent=6704"}],"wp:term":[{"taxonomy":"product_brand","embeddable":true,"href":"https:\/\/tamishop.pe\/index.php?rest_route=%2Fwp%2Fv2%2Fproduct_brand&post=6704"},{"taxonomy":"product_cat","embeddable":true,"href":"https:\/\/tamishop.pe\/index.php?rest_route=%2Fwp%2Fv2%2Fproduct_cat&post=6704"},{"taxonomy":"product_tag","embeddable":true,"href":"https:\/\/tamishop.pe\/index.php?rest_route=%2Fwp%2Fv2%2Fproduct_tag&post=6704"}],"curies":[{"name":"wp","href":"https:\/\/api.w.org\/{rel}","templated":true}]}}