{"id":6683,"date":"2026-03-26T07:40:35","date_gmt":"2026-03-26T07:40:35","guid":{"rendered":"https:\/\/tamishop.pe\/?product=audifono-c-microf-genius-hs-230u-usb-c-black-31710021403"},"modified":"2026-03-26T07:40:35","modified_gmt":"2026-03-26T07:40:35","slug":"audifono-c-microf-genius-hs-230u-usb-c-black-31710021403","status":"publish","type":"product","link":"https:\/\/tamishop.pe\/?product=audifono-c-microf-genius-hs-230u-usb-c-black-31710021403","title":{"rendered":"AUDIFONO C\/MICROF. GENIUS HS-230U USB-C BLACK (31710021403)"},"content":{"rendered":"<p>La versi\u00f3n moderna para tus dispositivos. Mismos aud\u00edfonos est\u00e9reo c\u00f3modos y con micr\u00f3fono claro, pero con conexi\u00f3n nativa USB-C. Perfectos para las nuevas laptops, tablets o smartphones, ofreciendo audio digital claro (Plug and Play).<\/p>\n","protected":false},"excerpt":{"rendered":"<p>Aud\u00edfonos est\u00e9reo con micr\u00f3fono, conexi\u00f3n USB-C y un cable largo. Ideal para laptops y tablets modernas.<\/p>\n","protected":false},"featured_media":6493,"comment_status":"open","ping_status":"closed","template":"","meta":[],"product_brand":[],"product_cat":[729],"product_tag":[],"class_list":{"0":"post-6683","1":"product","2":"type-product","3":"status-publish","4":"has-post-thumbnail","6":"product_cat-audifonos-3","8":"first","9":"instock","10":"taxable","11":"shipping-taxable","12":"purchasable","13":"product-type-simple"},"_links":{"self":[{"href":"https:\/\/tamishop.pe\/index.php?rest_route=\/wp\/v2\/product\/6683","targetHints":{"allow":["GET"]}}],"collection":[{"href":"https:\/\/tamishop.pe\/index.php?rest_route=\/wp\/v2\/product"}],"about":[{"href":"https:\/\/tamishop.pe\/index.php?rest_route=\/wp\/v2\/types\/product"}],"replies":[{"embeddable":true,"href":"https:\/\/tamishop.pe\/index.php?rest_route=%2Fwp%2Fv2%2Fcomments&post=6683"}],"wp:featuredmedia":[{"embeddable":true,"href":"https:\/\/tamishop.pe\/index.php?rest_route=\/wp\/v2\/media\/6493"}],"wp:attachment":[{"href":"https:\/\/tamishop.pe\/index.php?rest_route=%2Fwp%2Fv2%2Fmedia&parent=6683"}],"wp:term":[{"taxonomy":"product_brand","embeddable":true,"href":"https:\/\/tamishop.pe\/index.php?rest_route=%2Fwp%2Fv2%2Fproduct_brand&post=6683"},{"taxonomy":"product_cat","embeddable":true,"href":"https:\/\/tamishop.pe\/index.php?rest_route=%2Fwp%2Fv2%2Fproduct_cat&post=6683"},{"taxonomy":"product_tag","embeddable":true,"href":"https:\/\/tamishop.pe\/index.php?rest_route=%2Fwp%2Fv2%2Fproduct_tag&post=6683"}],"curies":[{"name":"wp","href":"https:\/\/api.w.org\/{rel}","templated":true}]}}